{"id":37,"date":"2018-10-09T19:52:39","date_gmt":"2018-10-09T17:52:39","guid":{"rendered":"https:\/\/www.hp-design.at\/welfare\/?page_id=37"},"modified":"2021-06-18T12:23:21","modified_gmt":"2021-06-18T10:23:21","slug":"unterstuetzen","status":"publish","type":"page","link":"https:\/\/www.palpung.eu\/welfare\/unterstuetzen\/","title":{"rendered":"Uns unterst\u00fctzen"},"content":{"rendered":"\n<style type=\"text\/css\" data-created_by=\"avia_inline_auto\" id=\"style-css-av-uh3h-24bcdcfc503ba545ba86aee36667017e\">\n#top .av-special-heading.av-uh3h-24bcdcfc503ba545ba86aee36667017e{\npadding-bottom:10px;\n}\nbody .av-special-heading.av-uh3h-24bcdcfc503ba545ba86aee36667017e .av-special-heading-tag .heading-char{\nfont-size:25px;\n}\n.av-special-heading.av-uh3h-24bcdcfc503ba545ba86aee36667017e .av-subheading{\nfont-size:15px;\n}\n<\/style>\n<div  class='av-special-heading av-uh3h-24bcdcfc503ba545ba86aee36667017e av-special-heading-h3  avia-builder-el-0  el_before_av_image  avia-builder-el-first  av-linked-heading'><h3 class='av-special-heading-tag '  itemprop=\"headline\"  >Uns unterst\u00fctzen<\/h3><div class=\"special-heading-border\"><div class=\"special-heading-inner-border\"><\/div><\/div><\/div>\n\n<style type=\"text\/css\" data-created_by=\"avia_inline_auto\" id=\"style-css-av-k2m4kkes-c341390d2b65ac8aa395c9fafc0a8c38\">\n.avia-image-container.av-k2m4kkes-c341390d2b65ac8aa395c9fafc0a8c38 img.avia_image{\nbox-shadow:none;\n}\n.avia-image-container.av-k2m4kkes-c341390d2b65ac8aa395c9fafc0a8c38 .av-image-caption-overlay-center{\ncolor:#ffffff;\n}\n<\/style>\n<div  class='avia-image-container av-k2m4kkes-c341390d2b65ac8aa395c9fafc0a8c38 av-styling- avia-align-center  avia-builder-el-1  el_after_av_heading  el_before_av_textblock '   itemprop=\"image\" itemscope=\"itemscope\" itemtype=\"https:\/\/schema.org\/ImageObject\" ><div class=\"avia-image-container-inner\"><div class=\"avia-image-overlay-wrap\"><img decoding=\"async\" fetchpriority=\"high\" class='wp-image-1804 avia-img-lazy-loading-not-1804 avia_image ' src=\"https:\/\/www.palpung.eu\/welfare\/wp-content\/uploads\/2020\/03\/paleukatzehaus-747x500.jpg\" alt='' title='paleukatzehaus'  height=\"500\" width=\"747\"  itemprop=\"thumbnailUrl\" srcset=\"https:\/\/www.palpung.eu\/welfare\/wp-content\/uploads\/2020\/03\/paleukatzehaus-747x500.jpg 747w, https:\/\/www.palpung.eu\/welfare\/wp-content\/uploads\/2020\/03\/paleukatzehaus-300x200.jpg 300w, https:\/\/www.palpung.eu\/welfare\/wp-content\/uploads\/2020\/03\/paleukatzehaus-598x400.jpg 598w, https:\/\/www.palpung.eu\/welfare\/wp-content\/uploads\/2020\/03\/paleukatzehaus-705x472.jpg 705w, https:\/\/www.palpung.eu\/welfare\/wp-content\/uploads\/2020\/03\/paleukatzehaus.jpg 750w\" sizes=\"(max-width: 747px) 100vw, 747px\" \/><\/div><\/div><\/div>\n<section  class='av_textblock_section av-jrkt4gjp-5c736277e4dad9361882a4fcbe2611ad '   itemscope=\"itemscope\" itemtype=\"https:\/\/schema.org\/CreativeWork\" ><div class='avia_textblock'  itemprop=\"text\" ><p><strong>Sie k\u00f6nnen unsere Tiere unterschiedlich unterst\u00fctzen<\/strong><\/p>\n<p><strong>Geben ist seliger als Nehmen<\/strong>, es beschert uns Verdienst und Freude im Herzen. Wir geben in hingebungsvollem Vertrauen und mit Mitgef\u00fchl, ohne etwas daf\u00fcr zu erwarten. Im Sinne dieser buddhistischen Tradition k\u00f6nnen Sie an unseren Aktivit\u00e4ten zum Gemeinwohl teilhaben:<\/p>\n<p>Unsere Tiere brauchen laufend <strong>Futter<\/strong>: Wir f\u00fcttern artgerecht und unter Ber\u00fccksichtigung des teilweise sehr hohen Alters unserer Tiere rohes Fleisch und haben eine Quelle daf\u00fcr gefunden. Unsere Tiere danken es uns mit wundersch\u00f6nem Fell und ihrer stabilen Gesundheit. Wir freuen uns, wenn Sie uns von dieser oder \u00e4hnlichen Quellen Futter mitbringen, aber auch \u00fcber Geldspenden, mit denen wir Futter besorgen k\u00f6nnen.<\/p>\n<p><img loading=\"lazy\" decoding=\"async\" class=\"alignright size-medium wp-image-1453\" src=\"https:\/\/www.palpung.eu\/welfare\/wp-content\/uploads\/2019\/11\/paleukatzefritz1-c-300x202.jpg\" alt=\"\" width=\"300\" height=\"202\" srcset=\"https:\/\/www.palpung.eu\/welfare\/wp-content\/uploads\/2019\/11\/paleukatzefritz1-c-300x202.jpg 300w, https:\/\/www.palpung.eu\/welfare\/wp-content\/uploads\/2019\/11\/paleukatzefritz1-c-450x303.jpg 450w, https:\/\/www.palpung.eu\/welfare\/wp-content\/uploads\/2019\/11\/paleukatzefritz1-c.jpg 600w\" sizes=\"auto, (max-width: 300px) 100vw, 300px\" \/>Weiters steht als n\u00e4chstes Projekt an, einen <strong>Stall<\/strong> zu errichten und einen <strong>Elektrozaun<\/strong> zu installieren, um weiteren Tieren Zuflucht gew\u00e4hren zu k\u00f6nnen. Hier wiederum k\u00f6nnen Sie uns in Material &#8211; Bauholz, Arbeitskraft, Erfahrung etc. bzw. monet\u00e4re Unterst\u00fctzung angedeihen lassen.<\/p>\n<\/div><\/section>\n<section  class='av_textblock_section av-k2m4lr1d-d9365b67ab47a76d0a0f4a9ac6eb7670 '   itemscope=\"itemscope\" itemtype=\"https:\/\/schema.org\/CreativeWork\" ><div class='avia_textblock'  itemprop=\"text\" ><p><img loading=\"lazy\" decoding=\"async\" class=\"alignleft size-medium wp-image-1366\" src=\"https:\/\/www.palpung.eu\/welfare\/wp-content\/uploads\/2019\/09\/paleukatzeblinka-300x201.jpg\" alt=\"\" width=\"300\" height=\"201\" srcset=\"https:\/\/www.palpung.eu\/welfare\/wp-content\/uploads\/2019\/09\/paleukatzeblinka-300x201.jpg 300w, https:\/\/www.palpung.eu\/welfare\/wp-content\/uploads\/2019\/09\/paleukatzeblinka-705x472.jpg 705w, https:\/\/www.palpung.eu\/welfare\/wp-content\/uploads\/2019\/09\/paleukatzeblinka-450x301.jpg 450w, https:\/\/www.palpung.eu\/welfare\/wp-content\/uploads\/2019\/09\/paleukatzeblinka.jpg 750w\" sizes=\"auto, (max-width: 300px) 100vw, 300px\" \/>Unsere Tiere brauchen immer wieder einen Tierarzt. Wenn Sie <strong>Tierarzt<\/strong> sind, der mit uns gemeinsam nach unseren Tieren sehen m\u00f6chte, w\u00e4re uns das die allerliebste Variante, ansonsten bitten wir wiederum um finanzielle Unterst\u00fctzung, um einen Tierarztpool einrichten zu k\u00f6nnen.<br \/>\nFalls Sie keine Verantwortung \u00fcbernehmen m\u00f6chten, unsere Aktivit\u00e4ten aber formlos unterst\u00fctzen m\u00f6chten, steht Ihnen die formlose <a href=\"https:\/\/www.palpung.eu\/unterstuetzung\/spenden\/\"><strong>allgemeine Spende<\/strong><\/a> zur Verf\u00fcgung.<\/p>\n<p>Und, last not least k\u00f6nnen Sie <a href=\"\/welfare\/unterstuetzen\/tier-patenschaften\/\"><strong>Pate<\/strong> <\/a>eines unserer Tiere werden und damit eine n\u00e4here Verbindung mit selbigem eingehen.<\/p>\n<p><a href=\"https:\/\/www.palpung.eu\/unterstuetzung\/spenden\/\"><img loading=\"lazy\" decoding=\"async\" class=\"size-full wp-image-1349 aligncenter\" src=\"https:\/\/www.palpung.eu\/welfare\/wp-content\/uploads\/2019\/09\/Spenden-welfare.jpg\" alt=\"\" width=\"223\" height=\"82\" \/><\/a><\/p>\n<\/div><\/section>\n","protected":false},"excerpt":{"rendered":"","protected":false},"author":5,"featured_media":0,"parent":0,"menu_order":54,"comment_status":"closed","ping_status":"closed","template":"","meta":{"footnotes":""},"class_list":["post-37","page","type-page","status-publish","hentry"],"yoast_head":"<!-- This site is optimized with the Yoast SEO plugin v24.2 - https:\/\/yoast.com\/wordpress\/plugins\/seo\/ -->\n<title>Uns unterst\u00fctzen - Palpung Europe<\/title>\n<meta name=\"robots\" content=\"index, follow, max-snippet:-1, max-image-preview:large, max-video-preview:-1\" \/>\n<link rel=\"canonical\" href=\"https:\/\/www.palpung.eu\/welfare\/unterstuetzen\/\" \/>\n<meta property=\"og:locale\" content=\"de_DE\" \/>\n<meta property=\"og:type\" content=\"article\" \/>\n<meta property=\"og:title\" content=\"Uns unterst\u00fctzen - Palpung Europe\" \/>\n<meta property=\"og:url\" content=\"https:\/\/www.palpung.eu\/welfare\/unterstuetzen\/\" \/>\n<meta property=\"og:site_name\" content=\"Palpung Europe\" \/>\n<meta property=\"article:publisher\" content=\"https:\/\/www.facebook.com\/palpung.europe\" \/>\n<meta property=\"article:modified_time\" content=\"2021-06-18T10:23:21+00:00\" \/>\n<meta property=\"og:image\" content=\"https:\/\/www.palpung.eu\/welfare\/wp-content\/uploads\/2019\/09\/paleukatzehaus.jpg\" \/>\n\t<meta property=\"og:image:width\" content=\"750\" \/>\n\t<meta property=\"og:image:height\" content=\"502\" \/>\n\t<meta property=\"og:image:type\" content=\"image\/jpeg\" \/>\n<meta name=\"twitter:card\" content=\"summary_large_image\" \/>\n<meta name=\"twitter:label1\" content=\"Gesch\u00e4tzte Lesezeit\" \/>\n\t<meta name=\"twitter:data1\" content=\"2\u00a0Minuten\" \/>\n<script type=\"application\/ld+json\" class=\"yoast-schema-graph\">{\"@context\":\"https:\/\/schema.org\",\"@graph\":[{\"@type\":\"WebPage\",\"@id\":\"https:\/\/www.palpung.eu\/welfare\/unterstuetzen\/\",\"url\":\"https:\/\/www.palpung.eu\/welfare\/unterstuetzen\/\",\"name\":\"Uns unterst\u00fctzen - Palpung Europe\",\"isPartOf\":{\"@id\":\"https:\/\/www.palpung.eu\/welfare\/#website\"},\"primaryImageOfPage\":{\"@id\":\"https:\/\/www.palpung.eu\/welfare\/unterstuetzen\/#primaryimage\"},\"image\":{\"@id\":\"https:\/\/www.palpung.eu\/welfare\/unterstuetzen\/#primaryimage\"},\"thumbnailUrl\":\"https:\/\/www.palpung.eu\/welfare\/wp-content\/uploads\/2019\/11\/paleukatzefritz1-c-300x202.jpg\",\"datePublished\":\"2018-10-09T17:52:39+00:00\",\"dateModified\":\"2021-06-18T10:23:21+00:00\",\"breadcrumb\":{\"@id\":\"https:\/\/www.palpung.eu\/welfare\/unterstuetzen\/#breadcrumb\"},\"inLanguage\":\"de\",\"potentialAction\":[{\"@type\":\"ReadAction\",\"target\":[\"https:\/\/www.palpung.eu\/welfare\/unterstuetzen\/\"]}]},{\"@type\":\"ImageObject\",\"inLanguage\":\"de\",\"@id\":\"https:\/\/www.palpung.eu\/welfare\/unterstuetzen\/#primaryimage\",\"url\":\"https:\/\/www.palpung.eu\/welfare\/wp-content\/uploads\/2019\/11\/paleukatzefritz1-c.jpg\",\"contentUrl\":\"https:\/\/www.palpung.eu\/welfare\/wp-content\/uploads\/2019\/11\/paleukatzefritz1-c.jpg\",\"width\":600,\"height\":404},{\"@type\":\"BreadcrumbList\",\"@id\":\"https:\/\/www.palpung.eu\/welfare\/unterstuetzen\/#breadcrumb\",\"itemListElement\":[{\"@type\":\"ListItem\",\"position\":1,\"name\":\"Startseite\",\"item\":\"https:\/\/www.palpung.eu\/welfare\/\"},{\"@type\":\"ListItem\",\"position\":2,\"name\":\"Uns unterst\u00fctzen\"}]},{\"@type\":\"WebSite\",\"@id\":\"https:\/\/www.palpung.eu\/welfare\/#website\",\"url\":\"https:\/\/www.palpung.eu\/welfare\/\",\"name\":\"Palpung Europe\",\"description\":\"\",\"publisher\":{\"@id\":\"https:\/\/www.palpung.eu\/welfare\/#organization\"},\"potentialAction\":[{\"@type\":\"SearchAction\",\"target\":{\"@type\":\"EntryPoint\",\"urlTemplate\":\"https:\/\/www.palpung.eu\/welfare\/?s={search_term_string}\"},\"query-input\":{\"@type\":\"PropertyValueSpecification\",\"valueRequired\":true,\"valueName\":\"search_term_string\"}}],\"inLanguage\":\"de\"},{\"@type\":\"Organization\",\"@id\":\"https:\/\/www.palpung.eu\/welfare\/#organization\",\"name\":\"Palpung Europe\",\"url\":\"https:\/\/www.palpung.eu\/welfare\/\",\"logo\":{\"@type\":\"ImageObject\",\"inLanguage\":\"de\",\"@id\":\"https:\/\/www.palpung.eu\/welfare\/#\/schema\/logo\/image\/\",\"url\":\"https:\/\/www.palpung.eu\/welfare\/wp-content\/uploads\/2019\/11\/Purkersdorf.jpg\",\"contentUrl\":\"https:\/\/www.palpung.eu\/welfare\/wp-content\/uploads\/2019\/11\/Purkersdorf.jpg\",\"width\":600,\"height\":400,\"caption\":\"Palpung Europe\"},\"image\":{\"@id\":\"https:\/\/www.palpung.eu\/welfare\/#\/schema\/logo\/image\/\"},\"sameAs\":[\"https:\/\/www.facebook.com\/palpung.europe\",\"https:\/\/www.instagram.com\/palpungeurope\/\",\"https:\/\/www.youtube.com\/user\/PalpungEurope\"]}]}<\/script>\n<!-- \/ Yoast SEO plugin. -->","yoast_head_json":{"title":"Uns unterst\u00fctzen - Palpung Europe","robots":{"index":"index","follow":"follow","max-snippet":"max-snippet:-1","max-image-preview":"max-image-preview:large","max-video-preview":"max-video-preview:-1"},"canonical":"https:\/\/www.palpung.eu\/welfare\/unterstuetzen\/","og_locale":"de_DE","og_type":"article","og_title":"Uns unterst\u00fctzen - Palpung Europe","og_url":"https:\/\/www.palpung.eu\/welfare\/unterstuetzen\/","og_site_name":"Palpung Europe","article_publisher":"https:\/\/www.facebook.com\/palpung.europe","article_modified_time":"2021-06-18T10:23:21+00:00","og_image":[{"width":750,"height":502,"url":"https:\/\/www.palpung.eu\/welfare\/wp-content\/uploads\/2019\/09\/paleukatzehaus.jpg","type":"image\/jpeg"}],"twitter_card":"summary_large_image","twitter_misc":{"Gesch\u00e4tzte Lesezeit":"2\u00a0Minuten"},"schema":{"@context":"https:\/\/schema.org","@graph":[{"@type":"WebPage","@id":"https:\/\/www.palpung.eu\/welfare\/unterstuetzen\/","url":"https:\/\/www.palpung.eu\/welfare\/unterstuetzen\/","name":"Uns unterst\u00fctzen - Palpung Europe","isPartOf":{"@id":"https:\/\/www.palpung.eu\/welfare\/#website"},"primaryImageOfPage":{"@id":"https:\/\/www.palpung.eu\/welfare\/unterstuetzen\/#primaryimage"},"image":{"@id":"https:\/\/www.palpung.eu\/welfare\/unterstuetzen\/#primaryimage"},"thumbnailUrl":"https:\/\/www.palpung.eu\/welfare\/wp-content\/uploads\/2019\/11\/paleukatzefritz1-c-300x202.jpg","datePublished":"2018-10-09T17:52:39+00:00","dateModified":"2021-06-18T10:23:21+00:00","breadcrumb":{"@id":"https:\/\/www.palpung.eu\/welfare\/unterstuetzen\/#breadcrumb"},"inLanguage":"de","potentialAction":[{"@type":"ReadAction","target":["https:\/\/www.palpung.eu\/welfare\/unterstuetzen\/"]}]},{"@type":"ImageObject","inLanguage":"de","@id":"https:\/\/www.palpung.eu\/welfare\/unterstuetzen\/#primaryimage","url":"https:\/\/www.palpung.eu\/welfare\/wp-content\/uploads\/2019\/11\/paleukatzefritz1-c.jpg","contentUrl":"https:\/\/www.palpung.eu\/welfare\/wp-content\/uploads\/2019\/11\/paleukatzefritz1-c.jpg","width":600,"height":404},{"@type":"BreadcrumbList","@id":"https:\/\/www.palpung.eu\/welfare\/unterstuetzen\/#breadcrumb","itemListElement":[{"@type":"ListItem","position":1,"name":"Startseite","item":"https:\/\/www.palpung.eu\/welfare\/"},{"@type":"ListItem","position":2,"name":"Uns unterst\u00fctzen"}]},{"@type":"WebSite","@id":"https:\/\/www.palpung.eu\/welfare\/#website","url":"https:\/\/www.palpung.eu\/welfare\/","name":"Palpung Europe","description":"","publisher":{"@id":"https:\/\/www.palpung.eu\/welfare\/#organization"},"potentialAction":[{"@type":"SearchAction","target":{"@type":"EntryPoint","urlTemplate":"https:\/\/www.palpung.eu\/welfare\/?s={search_term_string}"},"query-input":{"@type":"PropertyValueSpecification","valueRequired":true,"valueName":"search_term_string"}}],"inLanguage":"de"},{"@type":"Organization","@id":"https:\/\/www.palpung.eu\/welfare\/#organization","name":"Palpung Europe","url":"https:\/\/www.palpung.eu\/welfare\/","logo":{"@type":"ImageObject","inLanguage":"de","@id":"https:\/\/www.palpung.eu\/welfare\/#\/schema\/logo\/image\/","url":"https:\/\/www.palpung.eu\/welfare\/wp-content\/uploads\/2019\/11\/Purkersdorf.jpg","contentUrl":"https:\/\/www.palpung.eu\/welfare\/wp-content\/uploads\/2019\/11\/Purkersdorf.jpg","width":600,"height":400,"caption":"Palpung Europe"},"image":{"@id":"https:\/\/www.palpung.eu\/welfare\/#\/schema\/logo\/image\/"},"sameAs":["https:\/\/www.facebook.com\/palpung.europe","https:\/\/www.instagram.com\/palpungeurope\/","https:\/\/www.youtube.com\/user\/PalpungEurope"]}]}},"_links":{"self":[{"href":"https:\/\/www.palpung.eu\/welfare\/wp-json\/wp\/v2\/pages\/37","targetHints":{"allow":["GET"]}}],"collection":[{"href":"https:\/\/www.palpung.eu\/welfare\/wp-json\/wp\/v2\/pages"}],"about":[{"href":"https:\/\/www.palpung.eu\/welfare\/wp-json\/wp\/v2\/types\/page"}],"author":[{"embeddable":true,"href":"https:\/\/www.palpung.eu\/welfare\/wp-json\/wp\/v2\/users\/5"}],"replies":[{"embeddable":true,"href":"https:\/\/www.palpung.eu\/welfare\/wp-json\/wp\/v2\/comments?post=37"}],"version-history":[{"count":37,"href":"https:\/\/www.palpung.eu\/welfare\/wp-json\/wp\/v2\/pages\/37\/revisions"}],"predecessor-version":[{"id":2416,"href":"https:\/\/www.palpung.eu\/welfare\/wp-json\/wp\/v2\/pages\/37\/revisions\/2416"}],"wp:attachment":[{"href":"https:\/\/www.palpung.eu\/welfare\/wp-json\/wp\/v2\/media?parent=37"}],"curies":[{"name":"wp","href":"https:\/\/api.w.org\/{rel}","templated":true}]}}