{"id":34,"date":"2018-10-09T19:52:10","date_gmt":"2018-10-09T17:52:10","guid":{"rendered":"https:\/\/www.hp-design.at\/welfare\/?page_id=34"},"modified":"2022-05-06T14:46:48","modified_gmt":"2022-05-06T12:46:48","slug":"arbeit","status":"publish","type":"page","link":"https:\/\/www.palpung.eu\/welfare\/arbeit\/","title":{"rendered":"Unsere Arbeit"},"content":{"rendered":"\n<style type=\"text\/css\" data-created_by=\"avia_inline_auto\" id=\"style-css-av-qq52-edae719370190231f8cf067a3f1eb655\">\n#top .av-special-heading.av-qq52-edae719370190231f8cf067a3f1eb655{\npadding-bottom:10px;\n}\nbody .av-special-heading.av-qq52-edae719370190231f8cf067a3f1eb655 .av-special-heading-tag .heading-char{\nfont-size:25px;\n}\n.av-special-heading.av-qq52-edae719370190231f8cf067a3f1eb655 .av-subheading{\nfont-size:15px;\n}\n<\/style>\n<div  class='av-special-heading av-qq52-edae719370190231f8cf067a3f1eb655 av-special-heading-h3  avia-builder-el-0  el_before_av_image  avia-builder-el-first  av-linked-heading'><h3 class='av-special-heading-tag '  itemprop=\"headline\"  >Unsere Arbeit<\/h3><div class=\"special-heading-border\"><div class=\"special-heading-inner-border\"><\/div><\/div><\/div>\n\n<style type=\"text\/css\" data-created_by=\"avia_inline_auto\" id=\"style-css-av-11ksy-1d8fcdc0e6c6bd1c37efedaa44c536f9\">\n.avia-image-container.av-11ksy-1d8fcdc0e6c6bd1c37efedaa44c536f9 img.avia_image{\nbox-shadow:none;\n}\n.avia-image-container.av-11ksy-1d8fcdc0e6c6bd1c37efedaa44c536f9 .av-image-caption-overlay-center{\ncolor:#ffffff;\n}\n<\/style>\n<div  class='avia-image-container av-11ksy-1d8fcdc0e6c6bd1c37efedaa44c536f9 av-styling- avia-align-center  avia-builder-el-1  el_after_av_heading  el_before_av_textblock '   itemprop=\"image\" itemscope=\"itemscope\" itemtype=\"https:\/\/schema.org\/ImageObject\" ><div class=\"avia-image-container-inner\"><div class=\"avia-image-overlay-wrap\"><img decoding=\"async\" fetchpriority=\"high\" class='wp-image-1426 avia-img-lazy-loading-not-1426 avia_image ' src=\"https:\/\/www.palpung.eu\/welfare\/wp-content\/uploads\/2019\/10\/paleukatzehaus1.jpg\" alt='' title='paleukatzehaus1'  height=\"364\" width=\"750\"  itemprop=\"thumbnailUrl\" srcset=\"https:\/\/www.palpung.eu\/welfare\/wp-content\/uploads\/2019\/10\/paleukatzehaus1.jpg 750w, https:\/\/www.palpung.eu\/welfare\/wp-content\/uploads\/2019\/10\/paleukatzehaus1-300x146.jpg 300w, https:\/\/www.palpung.eu\/welfare\/wp-content\/uploads\/2019\/10\/paleukatzehaus1-705x342.jpg 705w, https:\/\/www.palpung.eu\/welfare\/wp-content\/uploads\/2019\/10\/paleukatzehaus1-450x218.jpg 450w\" sizes=\"(max-width: 750px) 100vw, 750px\" \/><\/div><\/div><\/div>\n<section  class='av_textblock_section av-jrnert6l-a2eda1a9d1f62b0aa3cc7c9e7b019564 '   itemscope=\"itemscope\" itemtype=\"https:\/\/schema.org\/CreativeWork\" ><div class='avia_textblock'  itemprop=\"text\" ><p>Seit 2014 unterhalten wir gem\u00e4\u00df <strong>unserer Tradition<\/strong> von <a href=\"https:\/\/www.palpung.eu\/unterstuetzung\/leben-freisetzen\/\"><strong>Leben erretten<\/strong><\/a> ein offenes <strong>Altersheim und Hospiz f\u00fcr behinderte<\/strong> oder einfach nur <strong>alte, beeintr\u00e4chtigte Tiere<\/strong>. <strong>Derzeit<\/strong> nehmen wir\u00a0 <strong>Streuner- und Bauernkatzen<\/strong> auf und m\u00f6chten das Leid der h\u00e4ufig vernachl\u00e4ssigten und sich selbst \u00fcberlassenen wilden Tiere lindern und speziell dann eingreifen, wenn Katzen, die immer unabh\u00e4ngig im Umfeld eines Hofes gelebt haben oder wilde Streunerkatzen, sich pl\u00f6tzlich vergessen, heimatlos oder eingeengt in Tierheimen finden und dort, bereits h\u00f6heren Alters und beeintr\u00e4chtigt, absehbar niemals zu einer Hauskatze w\u00fcrden. Unsere Tiere leben <strong>absolut zwingerfrei<\/strong> und bewegen sich und leben frei in der Gegend, wie es ihnen beliebt. Wir haben ihnen zwei Katzenh\u00e4user gebaut, die voll isoliert, ein wenig entfernt vom Klausurinstitut f\u00fcr gen\u00fcgend Privatsph\u00e4re sind und jede Menge Kuschelh\u00f6hlen, Separees und R\u00fcckzugsorte inklusive einer Bank zum Sonnend\u00f6sen gebaut.<\/p>\n<p><img loading=\"lazy\" decoding=\"async\" class=\"alignright size-medium wp-image-1142\" src=\"https:\/\/www.palpung.eu\/welfare\/wp-content\/uploads\/2019\/08\/palekatze21-c-300x208.jpg\" alt=\"\" width=\"300\" height=\"208\" srcset=\"https:\/\/www.palpung.eu\/welfare\/wp-content\/uploads\/2019\/08\/palekatze21-c-300x208.jpg 300w, https:\/\/www.palpung.eu\/welfare\/wp-content\/uploads\/2019\/08\/palekatze21-c-705x489.jpg 705w, https:\/\/www.palpung.eu\/welfare\/wp-content\/uploads\/2019\/08\/palekatze21-c-450x312.jpg 450w, https:\/\/www.palpung.eu\/welfare\/wp-content\/uploads\/2019\/08\/palekatze21-c.jpg 750w\" sizes=\"auto, (max-width: 300px) 100vw, 300px\" \/>Unser Hof war immer, wie wir erfahren haben, sehr Katzen affin. Zu seiner besten Zeit lebten hier f\u00fcnfzehn Katzen! Diese Zahl haben wir gerade erreicht. In der Zukunft werden sich die unterschiedlichsten Tiere zu uns gesellen und unser Altersheim diversifizieren.<\/p>\n<p>Begonnen haben unsere praktischen Aktivit\u00e4ten zum Wohle im speziellen von Tieren damit, dass wir drei Katzen, B\u00e4rli, Fratzi und Blinka von einem aufgelassenen Hof in unserem <a href=\"\/uns-besuchen\/unsere-institute\/langschlag\/\">Klausurinstitut<\/a> aufgenommen haben. Die drei waren an Menschen gew\u00f6hnt, waren aber nie in ihrer Freiheit eingeschr\u00e4nkt und es gew\u00f6hnt, frei umherzustreifen und in ihrem eigenen, selbsterkorenen Refugium zu leben.<\/p>\n<p>Zu ihnen gesellte sich bald ein wilder Kater der Region, den wir schlie\u00dflich Fritz nannten, der vor Menschen den gr\u00f6\u00dften Bogen machte, aber gerne mit unseren Katzen gemeinsam gef\u00fcttert wurde und inzwischen mit ihnen lebt und sich von wenigen, ausgesuchten Menschen liebend gern liebkosen l\u00e4sst.<\/p>\n<p><img loading=\"lazy\" decoding=\"async\" class=\"alignleft size-medium wp-image-1150\" src=\"https:\/\/www.palpung.eu\/welfare\/wp-content\/uploads\/2019\/08\/paleukatze15c-300x201.jpg\" alt=\"\" width=\"300\" height=\"201\" srcset=\"https:\/\/www.palpung.eu\/welfare\/wp-content\/uploads\/2019\/08\/paleukatze15c-300x201.jpg 300w, https:\/\/www.palpung.eu\/welfare\/wp-content\/uploads\/2019\/08\/paleukatze15c-705x472.jpg 705w, https:\/\/www.palpung.eu\/welfare\/wp-content\/uploads\/2019\/08\/paleukatze15c-450x301.jpg 450w, https:\/\/www.palpung.eu\/welfare\/wp-content\/uploads\/2019\/08\/paleukatze15c.jpg 750w\" sizes=\"auto, (max-width: 300px) 100vw, 300px\" \/>Dann erbten wir weitere Katzen aus dem Tierschutzheim und anderen Tierschutz Organisationen, aufgelassenen Bauernh\u00f6fen direkt, etc., die immer drau\u00dfen gelebt hatten auf H\u00f6fen und schon betagt, manche von ihnen beeintr\u00e4chtigt, die ihre letzten Jahre hinter Gittern in Agonie verbracht h\u00e4tte. Manche von ihnen sind gar nicht an Menschen gew\u00f6hnt, andere akzeptieren sie gerade so. Bei uns bewegen sie sich, wie es ihnen beliebt, werden gef\u00fcttert, streifen durch die Gegend und haben sich wunderbar eingelebt.<\/p>\n<p>Weitere Tiere mit \u00e4hnlichem Hintergrund werden bald nachfolgen, sobald die daf\u00fcr notwendige Unterbringung sichergestellt sein wird.<\/p>\n<p>Unsere Tiere gehen in der Regel nach kurzer Krankheit, in hohem Alter, furcht- und schmerzfrei, soweit wir das aktiv beeinflussen k\u00f6nnen und werden w\u00e4hrend ihrer Reise von Gebeten begleitet.<\/p>\n<p><strong>Die gesamte Arbeit wird von Sch\u00fclern des Dharma bewerkstelligt. <\/strong>Damit ist gew\u00e4hrleistet, dass<strong> jeder einzlene Euro ausschlie\u00dflich dem Wohle der Tiere zugute kommt. <\/strong><\/p>\n<p>Bitte<a href=\"\/welfare\/unterstuetzen\/\"><strong> helfen Sie uns<\/strong>!<\/a><\/p>\n<\/div><\/section>\n","protected":false},"excerpt":{"rendered":"","protected":false},"author":5,"featured_media":0,"parent":0,"menu_order":16,"comment_status":"closed","ping_status":"closed","template":"","meta":{"footnotes":""},"class_list":["post-34","page","type-page","status-publish","hentry"],"yoast_head":"<!-- This site is optimized with the Yoast SEO plugin v24.2 - https:\/\/yoast.com\/wordpress\/plugins\/seo\/ -->\n<title>Unsere Arbeit - Palpung Europe<\/title>\n<meta name=\"description\" content=\"Wir m\u00f6chten das Leid der Bauernkatzen lindern und speziell dann eingreifen, wenn Katzen, die immer frei im Umfeld eines Hofes gelebt haben oder wilde Streunerkatzen, sich pl\u00f6tzlich vergessen, heimatlos oder eingeengt in Tierheimen finden und dort, bereits h\u00f6heren Alters und beeintr\u00e4chtigt, absehbar niemals zu einer Hauskatze w\u00fcrden.\" \/>\n<meta name=\"robots\" content=\"index, follow, max-snippet:-1, max-image-preview:large, max-video-preview:-1\" \/>\n<link rel=\"canonical\" href=\"https:\/\/www.palpung.eu\/welfare\/arbeit\/\" \/>\n<meta property=\"og:locale\" content=\"de_DE\" \/>\n<meta property=\"og:type\" content=\"article\" \/>\n<meta property=\"og:title\" content=\"Unsere Arbeit - Palpung Europe\" \/>\n<meta property=\"og:description\" content=\"Wir m\u00f6chten das Leid der Bauernkatzen lindern und speziell dann eingreifen, wenn Katzen, die immer frei im Umfeld eines Hofes gelebt haben oder wilde Streunerkatzen, sich pl\u00f6tzlich vergessen, heimatlos oder eingeengt in Tierheimen finden und dort, bereits h\u00f6heren Alters und beeintr\u00e4chtigt, absehbar niemals zu einer Hauskatze w\u00fcrden.\" \/>\n<meta property=\"og:url\" content=\"https:\/\/www.palpung.eu\/welfare\/arbeit\/\" \/>\n<meta property=\"og:site_name\" content=\"Palpung Europe\" \/>\n<meta property=\"article:publisher\" content=\"https:\/\/www.facebook.com\/palpung.europe\" \/>\n<meta property=\"article:modified_time\" content=\"2022-05-06T12:46:48+00:00\" \/>\n<meta property=\"og:image\" content=\"https:\/\/www.palpung.eu\/welfare\/wp-content\/uploads\/2019\/10\/paleukatzehaus1.jpg\" \/>\n\t<meta property=\"og:image:width\" content=\"750\" \/>\n\t<meta property=\"og:image:height\" content=\"364\" \/>\n\t<meta property=\"og:image:type\" content=\"image\/jpeg\" \/>\n<meta name=\"twitter:card\" content=\"summary_large_image\" \/>\n<meta name=\"twitter:label1\" content=\"Gesch\u00e4tzte Lesezeit\" \/>\n\t<meta name=\"twitter:data1\" content=\"3\u00a0Minuten\" \/>\n<script type=\"application\/ld+json\" class=\"yoast-schema-graph\">{\"@context\":\"https:\/\/schema.org\",\"@graph\":[{\"@type\":\"WebPage\",\"@id\":\"https:\/\/www.palpung.eu\/welfare\/arbeit\/\",\"url\":\"https:\/\/www.palpung.eu\/welfare\/arbeit\/\",\"name\":\"Unsere Arbeit - Palpung Europe\",\"isPartOf\":{\"@id\":\"https:\/\/www.palpung.eu\/welfare\/#website\"},\"primaryImageOfPage\":{\"@id\":\"https:\/\/www.palpung.eu\/welfare\/arbeit\/#primaryimage\"},\"image\":{\"@id\":\"https:\/\/www.palpung.eu\/welfare\/arbeit\/#primaryimage\"},\"thumbnailUrl\":\"https:\/\/www.palpung.eu\/welfare\/wp-content\/uploads\/2019\/08\/palekatze21-c-300x208.jpg\",\"datePublished\":\"2018-10-09T17:52:10+00:00\",\"dateModified\":\"2022-05-06T12:46:48+00:00\",\"description\":\"Wir m\u00f6chten das Leid der Bauernkatzen lindern und speziell dann eingreifen, wenn Katzen, die immer frei im Umfeld eines Hofes gelebt haben oder wilde Streunerkatzen, sich pl\u00f6tzlich vergessen, heimatlos oder eingeengt in Tierheimen finden und dort, bereits h\u00f6heren Alters und beeintr\u00e4chtigt, absehbar niemals zu einer Hauskatze w\u00fcrden.\",\"breadcrumb\":{\"@id\":\"https:\/\/www.palpung.eu\/welfare\/arbeit\/#breadcrumb\"},\"inLanguage\":\"de\",\"potentialAction\":[{\"@type\":\"ReadAction\",\"target\":[\"https:\/\/www.palpung.eu\/welfare\/arbeit\/\"]}]},{\"@type\":\"ImageObject\",\"inLanguage\":\"de\",\"@id\":\"https:\/\/www.palpung.eu\/welfare\/arbeit\/#primaryimage\",\"url\":\"https:\/\/www.palpung.eu\/welfare\/wp-content\/uploads\/2019\/08\/palekatze21-c.jpg\",\"contentUrl\":\"https:\/\/www.palpung.eu\/welfare\/wp-content\/uploads\/2019\/08\/palekatze21-c.jpg\",\"width\":750,\"height\":520},{\"@type\":\"BreadcrumbList\",\"@id\":\"https:\/\/www.palpung.eu\/welfare\/arbeit\/#breadcrumb\",\"itemListElement\":[{\"@type\":\"ListItem\",\"position\":1,\"name\":\"Startseite\",\"item\":\"https:\/\/www.palpung.eu\/welfare\/\"},{\"@type\":\"ListItem\",\"position\":2,\"name\":\"Unsere Arbeit\"}]},{\"@type\":\"WebSite\",\"@id\":\"https:\/\/www.palpung.eu\/welfare\/#website\",\"url\":\"https:\/\/www.palpung.eu\/welfare\/\",\"name\":\"Palpung Europe\",\"description\":\"\",\"publisher\":{\"@id\":\"https:\/\/www.palpung.eu\/welfare\/#organization\"},\"potentialAction\":[{\"@type\":\"SearchAction\",\"target\":{\"@type\":\"EntryPoint\",\"urlTemplate\":\"https:\/\/www.palpung.eu\/welfare\/?s={search_term_string}\"},\"query-input\":{\"@type\":\"PropertyValueSpecification\",\"valueRequired\":true,\"valueName\":\"search_term_string\"}}],\"inLanguage\":\"de\"},{\"@type\":\"Organization\",\"@id\":\"https:\/\/www.palpung.eu\/welfare\/#organization\",\"name\":\"Palpung Europe\",\"url\":\"https:\/\/www.palpung.eu\/welfare\/\",\"logo\":{\"@type\":\"ImageObject\",\"inLanguage\":\"de\",\"@id\":\"https:\/\/www.palpung.eu\/welfare\/#\/schema\/logo\/image\/\",\"url\":\"https:\/\/www.palpung.eu\/welfare\/wp-content\/uploads\/2019\/11\/Purkersdorf.jpg\",\"contentUrl\":\"https:\/\/www.palpung.eu\/welfare\/wp-content\/uploads\/2019\/11\/Purkersdorf.jpg\",\"width\":600,\"height\":400,\"caption\":\"Palpung Europe\"},\"image\":{\"@id\":\"https:\/\/www.palpung.eu\/welfare\/#\/schema\/logo\/image\/\"},\"sameAs\":[\"https:\/\/www.facebook.com\/palpung.europe\",\"https:\/\/www.instagram.com\/palpungeurope\/\",\"https:\/\/www.youtube.com\/user\/PalpungEurope\"]}]}<\/script>\n<!-- \/ Yoast SEO plugin. -->","yoast_head_json":{"title":"Unsere Arbeit - Palpung Europe","description":"Wir m\u00f6chten das Leid der Bauernkatzen lindern und speziell dann eingreifen, wenn Katzen, die immer frei im Umfeld eines Hofes gelebt haben oder wilde Streunerkatzen, sich pl\u00f6tzlich vergessen, heimatlos oder eingeengt in Tierheimen finden und dort, bereits h\u00f6heren Alters und beeintr\u00e4chtigt, absehbar niemals zu einer Hauskatze w\u00fcrden.","robots":{"index":"index","follow":"follow","max-snippet":"max-snippet:-1","max-image-preview":"max-image-preview:large","max-video-preview":"max-video-preview:-1"},"canonical":"https:\/\/www.palpung.eu\/welfare\/arbeit\/","og_locale":"de_DE","og_type":"article","og_title":"Unsere Arbeit - Palpung Europe","og_description":"Wir m\u00f6chten das Leid der Bauernkatzen lindern und speziell dann eingreifen, wenn Katzen, die immer frei im Umfeld eines Hofes gelebt haben oder wilde Streunerkatzen, sich pl\u00f6tzlich vergessen, heimatlos oder eingeengt in Tierheimen finden und dort, bereits h\u00f6heren Alters und beeintr\u00e4chtigt, absehbar niemals zu einer Hauskatze w\u00fcrden.","og_url":"https:\/\/www.palpung.eu\/welfare\/arbeit\/","og_site_name":"Palpung Europe","article_publisher":"https:\/\/www.facebook.com\/palpung.europe","article_modified_time":"2022-05-06T12:46:48+00:00","og_image":[{"width":750,"height":364,"url":"https:\/\/www.palpung.eu\/welfare\/wp-content\/uploads\/2019\/10\/paleukatzehaus1.jpg","type":"image\/jpeg"}],"twitter_card":"summary_large_image","twitter_misc":{"Gesch\u00e4tzte Lesezeit":"3\u00a0Minuten"},"schema":{"@context":"https:\/\/schema.org","@graph":[{"@type":"WebPage","@id":"https:\/\/www.palpung.eu\/welfare\/arbeit\/","url":"https:\/\/www.palpung.eu\/welfare\/arbeit\/","name":"Unsere Arbeit - Palpung Europe","isPartOf":{"@id":"https:\/\/www.palpung.eu\/welfare\/#website"},"primaryImageOfPage":{"@id":"https:\/\/www.palpung.eu\/welfare\/arbeit\/#primaryimage"},"image":{"@id":"https:\/\/www.palpung.eu\/welfare\/arbeit\/#primaryimage"},"thumbnailUrl":"https:\/\/www.palpung.eu\/welfare\/wp-content\/uploads\/2019\/08\/palekatze21-c-300x208.jpg","datePublished":"2018-10-09T17:52:10+00:00","dateModified":"2022-05-06T12:46:48+00:00","description":"Wir m\u00f6chten das Leid der Bauernkatzen lindern und speziell dann eingreifen, wenn Katzen, die immer frei im Umfeld eines Hofes gelebt haben oder wilde Streunerkatzen, sich pl\u00f6tzlich vergessen, heimatlos oder eingeengt in Tierheimen finden und dort, bereits h\u00f6heren Alters und beeintr\u00e4chtigt, absehbar niemals zu einer Hauskatze w\u00fcrden.","breadcrumb":{"@id":"https:\/\/www.palpung.eu\/welfare\/arbeit\/#breadcrumb"},"inLanguage":"de","potentialAction":[{"@type":"ReadAction","target":["https:\/\/www.palpung.eu\/welfare\/arbeit\/"]}]},{"@type":"ImageObject","inLanguage":"de","@id":"https:\/\/www.palpung.eu\/welfare\/arbeit\/#primaryimage","url":"https:\/\/www.palpung.eu\/welfare\/wp-content\/uploads\/2019\/08\/palekatze21-c.jpg","contentUrl":"https:\/\/www.palpung.eu\/welfare\/wp-content\/uploads\/2019\/08\/palekatze21-c.jpg","width":750,"height":520},{"@type":"BreadcrumbList","@id":"https:\/\/www.palpung.eu\/welfare\/arbeit\/#breadcrumb","itemListElement":[{"@type":"ListItem","position":1,"name":"Startseite","item":"https:\/\/www.palpung.eu\/welfare\/"},{"@type":"ListItem","position":2,"name":"Unsere Arbeit"}]},{"@type":"WebSite","@id":"https:\/\/www.palpung.eu\/welfare\/#website","url":"https:\/\/www.palpung.eu\/welfare\/","name":"Palpung Europe","description":"","publisher":{"@id":"https:\/\/www.palpung.eu\/welfare\/#organization"},"potentialAction":[{"@type":"SearchAction","target":{"@type":"EntryPoint","urlTemplate":"https:\/\/www.palpung.eu\/welfare\/?s={search_term_string}"},"query-input":{"@type":"PropertyValueSpecification","valueRequired":true,"valueName":"search_term_string"}}],"inLanguage":"de"},{"@type":"Organization","@id":"https:\/\/www.palpung.eu\/welfare\/#organization","name":"Palpung Europe","url":"https:\/\/www.palpung.eu\/welfare\/","logo":{"@type":"ImageObject","inLanguage":"de","@id":"https:\/\/www.palpung.eu\/welfare\/#\/schema\/logo\/image\/","url":"https:\/\/www.palpung.eu\/welfare\/wp-content\/uploads\/2019\/11\/Purkersdorf.jpg","contentUrl":"https:\/\/www.palpung.eu\/welfare\/wp-content\/uploads\/2019\/11\/Purkersdorf.jpg","width":600,"height":400,"caption":"Palpung Europe"},"image":{"@id":"https:\/\/www.palpung.eu\/welfare\/#\/schema\/logo\/image\/"},"sameAs":["https:\/\/www.facebook.com\/palpung.europe","https:\/\/www.instagram.com\/palpungeurope\/","https:\/\/www.youtube.com\/user\/PalpungEurope"]}]}},"_links":{"self":[{"href":"https:\/\/www.palpung.eu\/welfare\/wp-json\/wp\/v2\/pages\/34","targetHints":{"allow":["GET"]}}],"collection":[{"href":"https:\/\/www.palpung.eu\/welfare\/wp-json\/wp\/v2\/pages"}],"about":[{"href":"https:\/\/www.palpung.eu\/welfare\/wp-json\/wp\/v2\/types\/page"}],"author":[{"embeddable":true,"href":"https:\/\/www.palpung.eu\/welfare\/wp-json\/wp\/v2\/users\/5"}],"replies":[{"embeddable":true,"href":"https:\/\/www.palpung.eu\/welfare\/wp-json\/wp\/v2\/comments?post=34"}],"version-history":[{"count":37,"href":"https:\/\/www.palpung.eu\/welfare\/wp-json\/wp\/v2\/pages\/34\/revisions"}],"predecessor-version":[{"id":2458,"href":"https:\/\/www.palpung.eu\/welfare\/wp-json\/wp\/v2\/pages\/34\/revisions\/2458"}],"wp:attachment":[{"href":"https:\/\/www.palpung.eu\/welfare\/wp-json\/wp\/v2\/media?parent=34"}],"curies":[{"name":"wp","href":"https:\/\/api.w.org\/{rel}","templated":true}]}}