{"id":184,"date":"2019-01-30T07:03:46","date_gmt":"2019-01-30T06:03:46","guid":{"rendered":"https:\/\/www.hp-design.at\/welfare\/?page_id=184"},"modified":"2019-12-13T11:25:54","modified_gmt":"2019-12-13T10:25:54","slug":"tier-patenschaften","status":"publish","type":"page","link":"https:\/\/www.palpung.eu\/welfare\/unterstuetzen\/tier-patenschaften\/","title":{"rendered":"Tierpate werden"},"content":{"rendered":"\n<style type=\"text\/css\" data-created_by=\"avia_inline_auto\" id=\"style-css-av-av_heading-cdcf7e139312e3946f5ce4eefa942242\">\n#top .av-special-heading.av-av_heading-cdcf7e139312e3946f5ce4eefa942242{\npadding-bottom:10px;\n}\nbody .av-special-heading.av-av_heading-cdcf7e139312e3946f5ce4eefa942242 .av-special-heading-tag .heading-char{\nfont-size:25px;\n}\n.av-special-heading.av-av_heading-cdcf7e139312e3946f5ce4eefa942242 .av-subheading{\nfont-size:15px;\n}\n<\/style>\n<div  class='av-special-heading av-av_heading-cdcf7e139312e3946f5ce4eefa942242 av-special-heading-h3  avia-builder-el-0  el_before_av_image  avia-builder-el-first '><h3 class='av-special-heading-tag '  itemprop=\"headline\"  >Tierpate werden<\/h3><div class=\"special-heading-border\"><div class=\"special-heading-inner-border\"><\/div><\/div><\/div>\n\n<style type=\"text\/css\" data-created_by=\"avia_inline_auto\" id=\"style-css-av-jycvp9ar-aa86072c62fc879cdae2ee71f3eeae72\">\n.avia-image-container.av-jycvp9ar-aa86072c62fc879cdae2ee71f3eeae72 img.avia_image{\nbox-shadow:none;\n}\n.avia-image-container.av-jycvp9ar-aa86072c62fc879cdae2ee71f3eeae72 .av-image-caption-overlay-center{\ncolor:#ffffff;\n}\n<\/style>\n<div  class='avia-image-container av-jycvp9ar-aa86072c62fc879cdae2ee71f3eeae72 av-styling- avia-align-center  avia-builder-el-1  el_after_av_heading  el_before_av_textblock '   itemprop=\"image\" itemscope=\"itemscope\" itemtype=\"https:\/\/schema.org\/ImageObject\" ><div class=\"avia-image-container-inner\"><div class=\"avia-image-overlay-wrap\"><img decoding=\"async\" fetchpriority=\"high\" class='wp-image-1077 avia-img-lazy-loading-not-1077 avia_image ' src=\"https:\/\/www.palpung.eu\/welfare\/wp-content\/uploads\/2019\/07\/paleukatze-8.jpg\" alt='' title='paleukatze 8'  height=\"512\" width=\"750\"  itemprop=\"thumbnailUrl\" srcset=\"https:\/\/www.palpung.eu\/welfare\/wp-content\/uploads\/2019\/07\/paleukatze-8.jpg 750w, https:\/\/www.palpung.eu\/welfare\/wp-content\/uploads\/2019\/07\/paleukatze-8-300x205.jpg 300w, https:\/\/www.palpung.eu\/welfare\/wp-content\/uploads\/2019\/07\/paleukatze-8-705x481.jpg 705w, https:\/\/www.palpung.eu\/welfare\/wp-content\/uploads\/2019\/07\/paleukatze-8-450x307.jpg 450w\" sizes=\"(max-width: 750px) 100vw, 750px\" \/><\/div><\/div><\/div>\n<section  class='av_textblock_section av-jycvpm7p-c93e5303aeb21c87498642b4febb08a8 '   itemscope=\"itemscope\" itemtype=\"https:\/\/schema.org\/CreativeWork\" ><div class='avia_textblock'  itemprop=\"text\" ><p>Um die Versorgung unserer Sch\u00fctzlinge sicherzustellen, sind wir auf Ihre Mithilfe angewiesen.<\/p>\n<p>Als Tierpate helfen Sie uns dabei symbolisch, die Kosten f\u00fcr <strong>Pflege, Tierarzt, Futter<\/strong> \u00fcbernehmen zu k\u00f6nnen.<\/p>\n<p><img loading=\"lazy\" decoding=\"async\" class=\"size-medium wp-image-1153 alignright\" src=\"https:\/\/www.palpung.eu\/welfare\/wp-content\/uploads\/2019\/08\/paleukatze11c-300x203.jpg\" alt=\"\" width=\"300\" height=\"203\" srcset=\"https:\/\/www.palpung.eu\/welfare\/wp-content\/uploads\/2019\/08\/paleukatze11c-300x203.jpg 300w, https:\/\/www.palpung.eu\/welfare\/wp-content\/uploads\/2019\/08\/paleukatze11c-705x478.jpg 705w, https:\/\/www.palpung.eu\/welfare\/wp-content\/uploads\/2019\/08\/paleukatze11c-450x305.jpg 450w, https:\/\/www.palpung.eu\/welfare\/wp-content\/uploads\/2019\/08\/paleukatze11c.jpg 750w\" sizes=\"auto, (max-width: 300px) 100vw, 300px\" \/>Um die Patenschaften f\u00fcr jedermann leistbar zu machen, setzen wir die <strong>Betr\u00e4ge sehr niedrig<\/strong> an. Damit ist klar, dass <strong>jedes Tier mehrere Patenschaften<\/strong> ben\u00f6tigt, um mit dem N\u00f6tigsten versorgt werden zu k\u00f6nnen.<\/p>\n<p>Alle Patenschaften sind unbefristet und k\u00f6nnen jederzeit beendet werden \u2013 dank mehrerer Paten f\u00fcr jedes Tier ist eine optimale F\u00fcrsorge auch in schweren Krankheitsf\u00e4llen garantiert, oder auch dann, wenn einzelne Patenschaften enden. Zudem haben wir so die M\u00f6glichkeit, weiteren Tieren zu helfen und zu retten.<\/p>\n<p>Vielen Dank f\u00fcr Ihre <a href=\"https:\/\/www.palpung.eu\/unterstuetzung\/spenden\/\">Unterst\u00fctzung<\/a>!<a href=\"https:\/\/www.palpung.eu\/unterstuetzung\/spenden\/\"><img loading=\"lazy\" decoding=\"async\" class=\"aligncenter wp-image-1339 size-full\" src=\"https:\/\/www.palpung.eu\/welfare\/wp-content\/uploads\/2019\/09\/welfare-spende-gro\u00df.jpg\" alt=\"\" width=\"222\" height=\"155\" \/><\/a><!--more--><!--more--><\/p>\n<\/div><\/section>\n","protected":false},"excerpt":{"rendered":"","protected":false},"author":5,"featured_media":0,"parent":37,"menu_order":0,"comment_status":"closed","ping_status":"closed","template":"","meta":{"footnotes":""},"class_list":["post-184","page","type-page","status-publish","hentry"],"yoast_head":"<!-- This site is optimized with the Yoast SEO plugin v24.2 - https:\/\/yoast.com\/wordpress\/plugins\/seo\/ -->\n<title>Tierpate werden - Palpung Europe<\/title>\n<meta name=\"robots\" content=\"index, follow, max-snippet:-1, max-image-preview:large, max-video-preview:-1\" \/>\n<link rel=\"canonical\" href=\"https:\/\/www.palpung.eu\/welfare\/unterstuetzen\/tier-patenschaften\/\" \/>\n<meta property=\"og:locale\" content=\"de_DE\" \/>\n<meta property=\"og:type\" content=\"article\" \/>\n<meta property=\"og:title\" content=\"Tierpate werden - Palpung Europe\" \/>\n<meta property=\"og:url\" content=\"https:\/\/www.palpung.eu\/welfare\/unterstuetzen\/tier-patenschaften\/\" \/>\n<meta property=\"og:site_name\" content=\"Palpung Europe\" \/>\n<meta property=\"article:publisher\" content=\"https:\/\/www.facebook.com\/palpung.europe\" \/>\n<meta property=\"article:modified_time\" content=\"2019-12-13T10:25:54+00:00\" \/>\n<meta property=\"og:image\" content=\"https:\/\/www.palpung.eu\/welfare\/wp-content\/uploads\/2019\/07\/paleukatze-8.jpg\" \/>\n\t<meta property=\"og:image:width\" content=\"750\" \/>\n\t<meta property=\"og:image:height\" content=\"512\" \/>\n\t<meta property=\"og:image:type\" content=\"image\/jpeg\" \/>\n<meta name=\"twitter:card\" content=\"summary_large_image\" \/>\n<meta name=\"twitter:label1\" content=\"Gesch\u00e4tzte Lesezeit\" \/>\n\t<meta name=\"twitter:data1\" content=\"1\u00a0Minute\" \/>\n<script type=\"application\/ld+json\" class=\"yoast-schema-graph\">{\"@context\":\"https:\/\/schema.org\",\"@graph\":[{\"@type\":\"WebPage\",\"@id\":\"https:\/\/www.palpung.eu\/welfare\/unterstuetzen\/tier-patenschaften\/\",\"url\":\"https:\/\/www.palpung.eu\/welfare\/unterstuetzen\/tier-patenschaften\/\",\"name\":\"Tierpate werden - Palpung Europe\",\"isPartOf\":{\"@id\":\"https:\/\/www.palpung.eu\/welfare\/#website\"},\"primaryImageOfPage\":{\"@id\":\"https:\/\/www.palpung.eu\/welfare\/unterstuetzen\/tier-patenschaften\/#primaryimage\"},\"image\":{\"@id\":\"https:\/\/www.palpung.eu\/welfare\/unterstuetzen\/tier-patenschaften\/#primaryimage\"},\"thumbnailUrl\":\"https:\/\/www.palpung.eu\/welfare\/wp-content\/uploads\/2019\/08\/paleukatze11c-300x203.jpg\",\"datePublished\":\"2019-01-30T06:03:46+00:00\",\"dateModified\":\"2019-12-13T10:25:54+00:00\",\"breadcrumb\":{\"@id\":\"https:\/\/www.palpung.eu\/welfare\/unterstuetzen\/tier-patenschaften\/#breadcrumb\"},\"inLanguage\":\"de\",\"potentialAction\":[{\"@type\":\"ReadAction\",\"target\":[\"https:\/\/www.palpung.eu\/welfare\/unterstuetzen\/tier-patenschaften\/\"]}]},{\"@type\":\"ImageObject\",\"inLanguage\":\"de\",\"@id\":\"https:\/\/www.palpung.eu\/welfare\/unterstuetzen\/tier-patenschaften\/#primaryimage\",\"url\":\"https:\/\/www.palpung.eu\/welfare\/wp-content\/uploads\/2019\/08\/paleukatze11c.jpg\",\"contentUrl\":\"https:\/\/www.palpung.eu\/welfare\/wp-content\/uploads\/2019\/08\/paleukatze11c.jpg\",\"width\":750,\"height\":508},{\"@type\":\"BreadcrumbList\",\"@id\":\"https:\/\/www.palpung.eu\/welfare\/unterstuetzen\/tier-patenschaften\/#breadcrumb\",\"itemListElement\":[{\"@type\":\"ListItem\",\"position\":1,\"name\":\"Startseite\",\"item\":\"https:\/\/www.palpung.eu\/welfare\/\"},{\"@type\":\"ListItem\",\"position\":2,\"name\":\"Uns unterst\u00fctzen\",\"item\":\"https:\/\/www.palpung.eu\/welfare\/unterstuetzen\/\"},{\"@type\":\"ListItem\",\"position\":3,\"name\":\"Tierpate werden\"}]},{\"@type\":\"WebSite\",\"@id\":\"https:\/\/www.palpung.eu\/welfare\/#website\",\"url\":\"https:\/\/www.palpung.eu\/welfare\/\",\"name\":\"Palpung Europe\",\"description\":\"\",\"publisher\":{\"@id\":\"https:\/\/www.palpung.eu\/welfare\/#organization\"},\"potentialAction\":[{\"@type\":\"SearchAction\",\"target\":{\"@type\":\"EntryPoint\",\"urlTemplate\":\"https:\/\/www.palpung.eu\/welfare\/?s={search_term_string}\"},\"query-input\":{\"@type\":\"PropertyValueSpecification\",\"valueRequired\":true,\"valueName\":\"search_term_string\"}}],\"inLanguage\":\"de\"},{\"@type\":\"Organization\",\"@id\":\"https:\/\/www.palpung.eu\/welfare\/#organization\",\"name\":\"Palpung Europe\",\"url\":\"https:\/\/www.palpung.eu\/welfare\/\",\"logo\":{\"@type\":\"ImageObject\",\"inLanguage\":\"de\",\"@id\":\"https:\/\/www.palpung.eu\/welfare\/#\/schema\/logo\/image\/\",\"url\":\"https:\/\/www.palpung.eu\/welfare\/wp-content\/uploads\/2019\/11\/Purkersdorf.jpg\",\"contentUrl\":\"https:\/\/www.palpung.eu\/welfare\/wp-content\/uploads\/2019\/11\/Purkersdorf.jpg\",\"width\":600,\"height\":400,\"caption\":\"Palpung Europe\"},\"image\":{\"@id\":\"https:\/\/www.palpung.eu\/welfare\/#\/schema\/logo\/image\/\"},\"sameAs\":[\"https:\/\/www.facebook.com\/palpung.europe\",\"https:\/\/www.instagram.com\/palpungeurope\/\",\"https:\/\/www.youtube.com\/user\/PalpungEurope\"]}]}<\/script>\n<!-- \/ Yoast SEO plugin. -->","yoast_head_json":{"title":"Tierpate werden - Palpung Europe","robots":{"index":"index","follow":"follow","max-snippet":"max-snippet:-1","max-image-preview":"max-image-preview:large","max-video-preview":"max-video-preview:-1"},"canonical":"https:\/\/www.palpung.eu\/welfare\/unterstuetzen\/tier-patenschaften\/","og_locale":"de_DE","og_type":"article","og_title":"Tierpate werden - Palpung Europe","og_url":"https:\/\/www.palpung.eu\/welfare\/unterstuetzen\/tier-patenschaften\/","og_site_name":"Palpung Europe","article_publisher":"https:\/\/www.facebook.com\/palpung.europe","article_modified_time":"2019-12-13T10:25:54+00:00","og_image":[{"width":750,"height":512,"url":"https:\/\/www.palpung.eu\/welfare\/wp-content\/uploads\/2019\/07\/paleukatze-8.jpg","type":"image\/jpeg"}],"twitter_card":"summary_large_image","twitter_misc":{"Gesch\u00e4tzte Lesezeit":"1\u00a0Minute"},"schema":{"@context":"https:\/\/schema.org","@graph":[{"@type":"WebPage","@id":"https:\/\/www.palpung.eu\/welfare\/unterstuetzen\/tier-patenschaften\/","url":"https:\/\/www.palpung.eu\/welfare\/unterstuetzen\/tier-patenschaften\/","name":"Tierpate werden - Palpung Europe","isPartOf":{"@id":"https:\/\/www.palpung.eu\/welfare\/#website"},"primaryImageOfPage":{"@id":"https:\/\/www.palpung.eu\/welfare\/unterstuetzen\/tier-patenschaften\/#primaryimage"},"image":{"@id":"https:\/\/www.palpung.eu\/welfare\/unterstuetzen\/tier-patenschaften\/#primaryimage"},"thumbnailUrl":"https:\/\/www.palpung.eu\/welfare\/wp-content\/uploads\/2019\/08\/paleukatze11c-300x203.jpg","datePublished":"2019-01-30T06:03:46+00:00","dateModified":"2019-12-13T10:25:54+00:00","breadcrumb":{"@id":"https:\/\/www.palpung.eu\/welfare\/unterstuetzen\/tier-patenschaften\/#breadcrumb"},"inLanguage":"de","potentialAction":[{"@type":"ReadAction","target":["https:\/\/www.palpung.eu\/welfare\/unterstuetzen\/tier-patenschaften\/"]}]},{"@type":"ImageObject","inLanguage":"de","@id":"https:\/\/www.palpung.eu\/welfare\/unterstuetzen\/tier-patenschaften\/#primaryimage","url":"https:\/\/www.palpung.eu\/welfare\/wp-content\/uploads\/2019\/08\/paleukatze11c.jpg","contentUrl":"https:\/\/www.palpung.eu\/welfare\/wp-content\/uploads\/2019\/08\/paleukatze11c.jpg","width":750,"height":508},{"@type":"BreadcrumbList","@id":"https:\/\/www.palpung.eu\/welfare\/unterstuetzen\/tier-patenschaften\/#breadcrumb","itemListElement":[{"@type":"ListItem","position":1,"name":"Startseite","item":"https:\/\/www.palpung.eu\/welfare\/"},{"@type":"ListItem","position":2,"name":"Uns unterst\u00fctzen","item":"https:\/\/www.palpung.eu\/welfare\/unterstuetzen\/"},{"@type":"ListItem","position":3,"name":"Tierpate werden"}]},{"@type":"WebSite","@id":"https:\/\/www.palpung.eu\/welfare\/#website","url":"https:\/\/www.palpung.eu\/welfare\/","name":"Palpung Europe","description":"","publisher":{"@id":"https:\/\/www.palpung.eu\/welfare\/#organization"},"potentialAction":[{"@type":"SearchAction","target":{"@type":"EntryPoint","urlTemplate":"https:\/\/www.palpung.eu\/welfare\/?s={search_term_string}"},"query-input":{"@type":"PropertyValueSpecification","valueRequired":true,"valueName":"search_term_string"}}],"inLanguage":"de"},{"@type":"Organization","@id":"https:\/\/www.palpung.eu\/welfare\/#organization","name":"Palpung Europe","url":"https:\/\/www.palpung.eu\/welfare\/","logo":{"@type":"ImageObject","inLanguage":"de","@id":"https:\/\/www.palpung.eu\/welfare\/#\/schema\/logo\/image\/","url":"https:\/\/www.palpung.eu\/welfare\/wp-content\/uploads\/2019\/11\/Purkersdorf.jpg","contentUrl":"https:\/\/www.palpung.eu\/welfare\/wp-content\/uploads\/2019\/11\/Purkersdorf.jpg","width":600,"height":400,"caption":"Palpung Europe"},"image":{"@id":"https:\/\/www.palpung.eu\/welfare\/#\/schema\/logo\/image\/"},"sameAs":["https:\/\/www.facebook.com\/palpung.europe","https:\/\/www.instagram.com\/palpungeurope\/","https:\/\/www.youtube.com\/user\/PalpungEurope"]}]}},"_links":{"self":[{"href":"https:\/\/www.palpung.eu\/welfare\/wp-json\/wp\/v2\/pages\/184","targetHints":{"allow":["GET"]}}],"collection":[{"href":"https:\/\/www.palpung.eu\/welfare\/wp-json\/wp\/v2\/pages"}],"about":[{"href":"https:\/\/www.palpung.eu\/welfare\/wp-json\/wp\/v2\/types\/page"}],"author":[{"embeddable":true,"href":"https:\/\/www.palpung.eu\/welfare\/wp-json\/wp\/v2\/users\/5"}],"replies":[{"embeddable":true,"href":"https:\/\/www.palpung.eu\/welfare\/wp-json\/wp\/v2\/comments?post=184"}],"version-history":[{"count":33,"href":"https:\/\/www.palpung.eu\/welfare\/wp-json\/wp\/v2\/pages\/184\/revisions"}],"predecessor-version":[{"id":1519,"href":"https:\/\/www.palpung.eu\/welfare\/wp-json\/wp\/v2\/pages\/184\/revisions\/1519"}],"up":[{"embeddable":true,"href":"https:\/\/www.palpung.eu\/welfare\/wp-json\/wp\/v2\/pages\/37"}],"wp:attachment":[{"href":"https:\/\/www.palpung.eu\/welfare\/wp-json\/wp\/v2\/media?parent=184"}],"curies":[{"name":"wp","href":"https:\/\/api.w.org\/{rel}","templated":true}]}}