{"id":31336,"date":"2021-11-28T12:08:50","date_gmt":"2021-11-28T11:08:50","guid":{"rendered":"https:\/\/www.palpung.eu\/mediacenter\/choeje-lama-palmo\/short-notices\/choje-lama-palmos-lhabab-duchen-message\/"},"modified":"2021-11-28T12:10:36","modified_gmt":"2021-11-28T11:10:36","slug":"choje-lama-palmos-lhabab-duchen-message","status":"publish","type":"page","link":"https:\/\/www.palpung.eu\/en\/mediacenter\/choeje-lama-palmo\/short-notices\/choje-lama-palmos-lhabab-duchen-message\/","title":{"rendered":"Ch\u00f6je Lama Palmo&#8217;s Lhabab D\u00fcchen message"},"content":{"rendered":"\n<style type=\"text\/css\" data-created_by=\"avia_inline_auto\" id=\"style-css-av-kwj4yocc-0d6c4848701de5b9ed3eddae56ed3621\">\n#top .av-special-heading.av-kwj4yocc-0d6c4848701de5b9ed3eddae56ed3621{\npadding-bottom:10px;\n}\nbody .av-special-heading.av-kwj4yocc-0d6c4848701de5b9ed3eddae56ed3621 .av-special-heading-tag .heading-char{\nfont-size:25px;\n}\n.av-special-heading.av-kwj4yocc-0d6c4848701de5b9ed3eddae56ed3621 .av-subheading{\nfont-size:15px;\n}\n<\/style>\n<div  class='av-special-heading av-kwj4yocc-0d6c4848701de5b9ed3eddae56ed3621 av-special-heading-h3  avia-builder-el-0  el_before_av_video  avia-builder-el-first '><h3 class='av-special-heading-tag '  itemprop=\"headline\"  >Ch\u00f6je Lama Palmo\u2019s Lhabab D\u00fcchen message<\/h3><div class=\"special-heading-border\"><div class=\"special-heading-inner-border\"><\/div><\/div><\/div>\n<div  class='avia-video av-kwj4yzft-00b37ce98790cf55e7ba0db6ae3ffc2a avia-video-16-9 av-no-preview-image avia-video-load-always av-lazyload-immediate av-lazyload-video-embed'  itemprop=\"video\" itemtype=\"https:\/\/schema.org\/VideoObject\"  data-original_url='https:\/\/www.youtube.com\/watch?v=xDcWCAsCBLA'><script type='text\/html' class='av-video-tmpl'><div class='avia-iframe-wrap'><iframe loading=\"lazy\" title=\"Ch\u00f6je Lama Palmo&#039;s Lhabab D\u00fcchen message in English and German\" width=\"1500\" height=\"844\" src=\"https:\/\/www.youtube.com\/embed\/xDcWCAsCBLA?feature=oembed&autoplay=0&loop=0&controls=1&mute=0\" frameborder=\"0\" allow=\"accelerometer; autoplay; clipboard-write; encrypted-media; gyroscope; picture-in-picture\" allowfullscreen><\/iframe><\/div><\/script><div class='av-click-to-play-overlay'><div class=\"avia_playpause_icon\"><\/div><\/div><\/div>\n","protected":false},"excerpt":{"rendered":"","protected":false},"author":8,"featured_media":0,"parent":2625,"menu_order":229,"comment_status":"closed","ping_status":"closed","template":"","meta":{"_acf_changed":false,"footnotes":""},"class_list":["post-31336","page","type-page","status-publish","hentry"],"acf":[],"yoast_head":"<!-- This site is optimized with the Yoast SEO plugin v27.1.1 - https:\/\/yoast.com\/product\/yoast-seo-wordpress\/ -->\n<title>Ch\u00f6je Lama Palmo&#039;s Lhabab D\u00fcchen message - Palpung Europe<\/title>\n<meta name=\"description\" content=\"Ch\u00f6je Lama Palmo&#039;s Lhabab D\u00fcchen message, airing on her birthday, in English and German - after two years a short hello to everyone, recorded on Lhabab D\u00fcchen 2021\" \/>\n<meta name=\"robots\" content=\"index, follow, max-snippet:-1, max-image-preview:large, max-video-preview:-1\" \/>\n<link rel=\"canonical\" href=\"https:\/\/www.palpung.eu\/en\/mediacenter\/choeje-lama-palmo\/short-notices\/choje-lama-palmos-lhabab-duchen-message\/\" \/>\n<meta property=\"og:locale\" content=\"en_US\" \/>\n<meta property=\"og:type\" content=\"article\" \/>\n<meta property=\"og:title\" content=\"Ch\u00f6je Lama Palmo&#039;s Lhabab D\u00fcchen message\" \/>\n<meta property=\"og:description\" content=\"Ch\u00f6je Lama Palmo&#039;s Lhabab D\u00fcchen message, airing on her birthday, in English and German - after two years a short hello to everyone, recorded on Lhabab D\u00fcchen 2021\" \/>\n<meta property=\"og:url\" content=\"https:\/\/www.palpung.eu\/en\/mediacenter\/choeje-lama-palmo\/short-notices\/choje-lama-palmos-lhabab-duchen-message\/\" \/>\n<meta property=\"og:site_name\" content=\"Palpung Europe\" \/>\n<meta property=\"article:modified_time\" content=\"2021-11-28T11:10:36+00:00\" \/>\n<meta property=\"og:image\" content=\"https:\/\/www.palpung.eu\/wp-content\/uploads\/2021\/11\/LP-2021-gb.jpg\" \/>\n<meta name=\"twitter:card\" content=\"summary_large_image\" \/>\n<meta name=\"twitter:label1\" content=\"Est. reading time\" \/>\n\t<meta name=\"twitter:data1\" content=\"1 minute\" \/>\n<script type=\"application\/ld+json\" class=\"yoast-schema-graph\">{\"@context\":\"https:\/\/schema.org\",\"@graph\":[{\"@type\":\"WebPage\",\"@id\":\"https:\/\/www.palpung.eu\/en\/mediacenter\/choeje-lama-palmo\/short-notices\/choje-lama-palmos-lhabab-duchen-message\/\",\"url\":\"https:\/\/www.palpung.eu\/en\/mediacenter\/choeje-lama-palmo\/short-notices\/choje-lama-palmos-lhabab-duchen-message\/\",\"name\":\"Ch\u00f6je Lama Palmo's Lhabab D\u00fcchen message - Palpung Europe\",\"isPartOf\":{\"@id\":\"https:\/\/www.palpung.eu\/en\/#website\"},\"datePublished\":\"2021-11-28T11:08:50+00:00\",\"dateModified\":\"2021-11-28T11:10:36+00:00\",\"description\":\"Ch\u00f6je Lama Palmo's Lhabab D\u00fcchen message, airing on her birthday, in English and German - after two years a short hello to everyone, recorded on Lhabab D\u00fcchen 2021\",\"breadcrumb\":{\"@id\":\"https:\/\/www.palpung.eu\/en\/mediacenter\/choeje-lama-palmo\/short-notices\/choje-lama-palmos-lhabab-duchen-message\/#breadcrumb\"},\"inLanguage\":\"en-US\",\"potentialAction\":[{\"@type\":\"ReadAction\",\"target\":[\"https:\/\/www.palpung.eu\/en\/mediacenter\/choeje-lama-palmo\/short-notices\/choje-lama-palmos-lhabab-duchen-message\/\"]}]},{\"@type\":\"BreadcrumbList\",\"@id\":\"https:\/\/www.palpung.eu\/en\/mediacenter\/choeje-lama-palmo\/short-notices\/choje-lama-palmos-lhabab-duchen-message\/#breadcrumb\",\"itemListElement\":[{\"@type\":\"ListItem\",\"position\":1,\"name\":\"Startseite\",\"item\":\"https:\/\/www.palpung.eu\/en\/home\/\"},{\"@type\":\"ListItem\",\"position\":2,\"name\":\"Mediacenter\",\"item\":\"https:\/\/www.palpung.eu\/en\/mediacenter\/\"},{\"@type\":\"ListItem\",\"position\":3,\"name\":\"Ch\u00f6je Lama Palmo\",\"item\":\"https:\/\/www.palpung.eu\/en\/mediacenter\/choeje-lama-palmo\/\"},{\"@type\":\"ListItem\",\"position\":4,\"name\":\"Short notices\",\"item\":\"https:\/\/www.palpung.eu\/en\/mediacenter\/choeje-lama-palmo\/short-notices\/\"},{\"@type\":\"ListItem\",\"position\":5,\"name\":\"Ch\u00f6je Lama Palmo&#8217;s Lhabab D\u00fcchen message\"}]},{\"@type\":\"WebSite\",\"@id\":\"https:\/\/www.palpung.eu\/en\/#website\",\"url\":\"https:\/\/www.palpung.eu\/en\/\",\"name\":\"Palpung Europe\",\"description\":\"European Seat of H.H. Chamgon Kenting Tai Situpa\",\"potentialAction\":[{\"@type\":\"SearchAction\",\"target\":{\"@type\":\"EntryPoint\",\"urlTemplate\":\"https:\/\/www.palpung.eu\/en\/?s={search_term_string}\"},\"query-input\":{\"@type\":\"PropertyValueSpecification\",\"valueRequired\":true,\"valueName\":\"search_term_string\"}}],\"inLanguage\":\"en-US\"}]}<\/script>\n<!-- \/ Yoast SEO plugin. -->","yoast_head_json":{"title":"Ch\u00f6je Lama Palmo's Lhabab D\u00fcchen message - Palpung Europe","description":"Ch\u00f6je Lama Palmo's Lhabab D\u00fcchen message, airing on her birthday, in English and German - after two years a short hello to everyone, recorded on Lhabab D\u00fcchen 2021","robots":{"index":"index","follow":"follow","max-snippet":"max-snippet:-1","max-image-preview":"max-image-preview:large","max-video-preview":"max-video-preview:-1"},"canonical":"https:\/\/www.palpung.eu\/en\/mediacenter\/choeje-lama-palmo\/short-notices\/choje-lama-palmos-lhabab-duchen-message\/","og_locale":"en_US","og_type":"article","og_title":"Ch\u00f6je Lama Palmo's Lhabab D\u00fcchen message","og_description":"Ch\u00f6je Lama Palmo's Lhabab D\u00fcchen message, airing on her birthday, in English and German - after two years a short hello to everyone, recorded on Lhabab D\u00fcchen 2021","og_url":"https:\/\/www.palpung.eu\/en\/mediacenter\/choeje-lama-palmo\/short-notices\/choje-lama-palmos-lhabab-duchen-message\/","og_site_name":"Palpung Europe","article_modified_time":"2021-11-28T11:10:36+00:00","og_image":[{"url":"https:\/\/www.palpung.eu\/wp-content\/uploads\/2021\/11\/LP-2021-gb.jpg","type":"","width":"","height":""}],"twitter_card":"summary_large_image","twitter_misc":{"Est. reading time":"1 minute"},"schema":{"@context":"https:\/\/schema.org","@graph":[{"@type":"WebPage","@id":"https:\/\/www.palpung.eu\/en\/mediacenter\/choeje-lama-palmo\/short-notices\/choje-lama-palmos-lhabab-duchen-message\/","url":"https:\/\/www.palpung.eu\/en\/mediacenter\/choeje-lama-palmo\/short-notices\/choje-lama-palmos-lhabab-duchen-message\/","name":"Ch\u00f6je Lama Palmo's Lhabab D\u00fcchen message - Palpung Europe","isPartOf":{"@id":"https:\/\/www.palpung.eu\/en\/#website"},"datePublished":"2021-11-28T11:08:50+00:00","dateModified":"2021-11-28T11:10:36+00:00","description":"Ch\u00f6je Lama Palmo's Lhabab D\u00fcchen message, airing on her birthday, in English and German - after two years a short hello to everyone, recorded on Lhabab D\u00fcchen 2021","breadcrumb":{"@id":"https:\/\/www.palpung.eu\/en\/mediacenter\/choeje-lama-palmo\/short-notices\/choje-lama-palmos-lhabab-duchen-message\/#breadcrumb"},"inLanguage":"en-US","potentialAction":[{"@type":"ReadAction","target":["https:\/\/www.palpung.eu\/en\/mediacenter\/choeje-lama-palmo\/short-notices\/choje-lama-palmos-lhabab-duchen-message\/"]}]},{"@type":"BreadcrumbList","@id":"https:\/\/www.palpung.eu\/en\/mediacenter\/choeje-lama-palmo\/short-notices\/choje-lama-palmos-lhabab-duchen-message\/#breadcrumb","itemListElement":[{"@type":"ListItem","position":1,"name":"Startseite","item":"https:\/\/www.palpung.eu\/en\/home\/"},{"@type":"ListItem","position":2,"name":"Mediacenter","item":"https:\/\/www.palpung.eu\/en\/mediacenter\/"},{"@type":"ListItem","position":3,"name":"Ch\u00f6je Lama Palmo","item":"https:\/\/www.palpung.eu\/en\/mediacenter\/choeje-lama-palmo\/"},{"@type":"ListItem","position":4,"name":"Short notices","item":"https:\/\/www.palpung.eu\/en\/mediacenter\/choeje-lama-palmo\/short-notices\/"},{"@type":"ListItem","position":5,"name":"Ch\u00f6je Lama Palmo&#8217;s Lhabab D\u00fcchen message"}]},{"@type":"WebSite","@id":"https:\/\/www.palpung.eu\/en\/#website","url":"https:\/\/www.palpung.eu\/en\/","name":"Palpung Europe","description":"European Seat of H.H. Chamgon Kenting Tai Situpa","potentialAction":[{"@type":"SearchAction","target":{"@type":"EntryPoint","urlTemplate":"https:\/\/www.palpung.eu\/en\/?s={search_term_string}"},"query-input":{"@type":"PropertyValueSpecification","valueRequired":true,"valueName":"search_term_string"}}],"inLanguage":"en-US"}]}},"_links":{"self":[{"href":"https:\/\/www.palpung.eu\/en\/wp-json\/wp\/v2\/pages\/31336","targetHints":{"allow":["GET"]}}],"collection":[{"href":"https:\/\/www.palpung.eu\/en\/wp-json\/wp\/v2\/pages"}],"about":[{"href":"https:\/\/www.palpung.eu\/en\/wp-json\/wp\/v2\/types\/page"}],"author":[{"embeddable":true,"href":"https:\/\/www.palpung.eu\/en\/wp-json\/wp\/v2\/users\/8"}],"replies":[{"embeddable":true,"href":"https:\/\/www.palpung.eu\/en\/wp-json\/wp\/v2\/comments?post=31336"}],"version-history":[{"count":3,"href":"https:\/\/www.palpung.eu\/en\/wp-json\/wp\/v2\/pages\/31336\/revisions"}],"predecessor-version":[{"id":31339,"href":"https:\/\/www.palpung.eu\/en\/wp-json\/wp\/v2\/pages\/31336\/revisions\/31339"}],"up":[{"embeddable":true,"href":"https:\/\/www.palpung.eu\/en\/wp-json\/wp\/v2\/pages\/2625"}],"wp:attachment":[{"href":"https:\/\/www.palpung.eu\/en\/wp-json\/wp\/v2\/media?parent=31336"}],"curies":[{"name":"wp","href":"https:\/\/api.w.org\/{rel}","templated":true}]}}