{"id":30386,"date":"2021-05-26T11:15:16","date_gmt":"2021-05-26T09:15:16","guid":{"rendered":"https:\/\/www.palpung.eu\/visit\/calendar\/guru-vajradhara-2021-2\/"},"modified":"2021-06-20T11:31:54","modified_gmt":"2021-06-20T09:31:54","slug":"guru-vajradhara-2021-2","status":"publish","type":"page","link":"https:\/\/www.palpung.eu\/en\/guru-vajradhara-2021-2\/","title":{"rendered":"Guru Vajradhara 2021"},"content":{"rendered":"\n<style type=\"text\/css\" data-created_by=\"avia_inline_auto\" id=\"style-css-av-kp58rx36-09e37493eb779fd1e26e43641b2f58ba\">\n#top .av-special-heading.av-kp58rx36-09e37493eb779fd1e26e43641b2f58ba{\npadding-bottom:10px;\n}\nbody .av-special-heading.av-kp58rx36-09e37493eb779fd1e26e43641b2f58ba .av-special-heading-tag .heading-char{\nfont-size:25px;\n}\n.av-special-heading.av-kp58rx36-09e37493eb779fd1e26e43641b2f58ba .av-subheading{\nfont-size:15px;\n}\n<\/style>\n<div  class='av-special-heading av-kp58rx36-09e37493eb779fd1e26e43641b2f58ba av-special-heading-h3  avia-builder-el-0  el_before_av_image  avia-builder-el-first '><h3 class='av-special-heading-tag '  itemprop=\"headline\"  >Living wisdom<\/h3><div class=\"special-heading-border\"><div class=\"special-heading-inner-border\"><\/div><\/div><\/div>\n\n<style type=\"text\/css\" data-created_by=\"avia_inline_auto\" id=\"style-css-av-kp591way-0d689afe5dd16c2794d8c63b79f7b9b0\">\n.avia-image-container.av-kp591way-0d689afe5dd16c2794d8c63b79f7b9b0 img.avia_image{\nbox-shadow:none;\n}\n.avia-image-container.av-kp591way-0d689afe5dd16c2794d8c63b79f7b9b0 .av-image-caption-overlay-center{\ncolor:#ffffff;\n}\n<\/style>\n<div  class='avia-image-container av-kp591way-0d689afe5dd16c2794d8c63b79f7b9b0 av-styling- avia-align-center  avia-builder-el-1  el_after_av_heading  el_before_av_textblock '   itemprop=\"image\" itemscope=\"itemscope\" itemtype=\"https:\/\/schema.org\/ImageObject\" ><div class=\"avia-image-container-inner\"><div class=\"avia-image-overlay-wrap\"><img decoding=\"async\" fetchpriority=\"high\" class='wp-image-30306 avia-img-lazy-loading-not-30306 avia_image ' src=\"https:\/\/www.palpung.eu\/wp-content\/uploads\/2021\/05\/guru-vajradhara-2021-engl.jpg\" alt='' title='guru vajradhara 2021 engl'  height=\"480\" width=\"720\"  itemprop=\"thumbnailUrl\" srcset=\"https:\/\/www.palpung.eu\/wp-content\/uploads\/2021\/05\/guru-vajradhara-2021-engl.jpg 720w, https:\/\/www.palpung.eu\/wp-content\/uploads\/2021\/05\/guru-vajradhara-2021-engl-600x400.jpg 600w, https:\/\/www.palpung.eu\/wp-content\/uploads\/2021\/05\/guru-vajradhara-2021-engl-300x200.jpg 300w, https:\/\/www.palpung.eu\/wp-content\/uploads\/2021\/05\/guru-vajradhara-2021-engl-705x470.jpg 705w\" sizes=\"(max-width: 720px) 100vw, 720px\" \/><\/div><\/div><\/div>\n<section  class='av_textblock_section av-kp591bh0-98c491938ee56451141213188d8bb7bf '   itemscope=\"itemscope\" itemtype=\"https:\/\/schema.org\/CreativeWork\" ><div class='avia_textblock'  itemprop=\"text\" ><p>In response to numerous requests from Palpung Centers worldwide as well as many other Dharma communities and individuals, Guru Vajradhara His Holiness Chamgon Kenting Tai Situpa has agreed to transmit the sacred Dharma <strong>Living Wisdom<\/strong>\u009d, a serial of five teachings, via Zoom video webinar, starting from the 27th of June, 2021. Palpung Dharma Chakra has been appointed to organize the event. The transmissions are open to everyone.<\/p>\n<p><strong>We will host the transmission in our City- and Retreat Institute and you may receive the teachings in our shrine room, <a href=\"https:\/\/www.palpung.eu\/en\/visit\/\">following Covid-19 requirements<\/a> . <a href=\"https:\/\/www.palpung.eu\/en\/contact\/\">Please contact us ahead!<\/a><\/strong><\/p>\n<p>The sacred Dharma teachings given by <a href=\"https:\/\/www.palpung.eu\/en\/about-us\/chamgon-kenting-tai-situ-rinpoche\/\">Guru Vajradhara His Holiness the 12th Chamgon Kenting Tai Situpa<\/a> in <strong>2021<\/strong><\/p>\n<p><strong>The Guru Padmasambhava&#8217;s Prophecies<\/strong><br \/>\n27th June, 2021 (Sunday)<\/p>\n<p><strong>The Legends of the Great Mahasiddhas<\/strong><br \/>\n11th July, 2021 (Sunday)<\/p>\n<p><strong>The Blessing and Mantra of Divine Mother Tara<\/strong><br \/>\n25th July, 2021 (Sunday)<\/p>\n<p><strong>Dharma of the Five<\/strong><br \/>\n8th August, 2021 (Sunday)<\/p>\n<p><strong>Essence of Mahamudra<br \/>\n<\/strong>22nd August, 2021 (Sunday)<\/p>\n<p><strong>The time schedule is the same time for all the teachings:<\/strong><\/p>\n<p><strong>Asia<\/strong><\/p>\n<p>New Delhi 19:30 &#8211; 20:30 (UTC +5:30)<br \/>\nTaipei\/Hong Kong\/Singapore\/Malaysia 22:00 &#8211; 23:00 (UTC+8)<br \/>\nJakarta\/Bangkok 21:00 &#8211; 22:00 (UTC+7)<\/p>\n<p><strong>Europe<\/strong><\/p>\n<p>Paris\/Vienna\/Ber1in 16:00 &#8211; 17:00 (UTC+2)<br \/>\nLondon\/Dublin 15:00 &#8211; 16:00 (UTC+1)<\/p>\n<p><strong>America<\/strong><\/p>\n<p>New York\/Toronto 10:00 &#8211; 11:00 (EDT, UTC-4)<br \/>\nL.A.\/San Francisco 07:00 &#8211; 08:00 (PST\/PDT,UTC-7)<\/p>\n<p><strong>Africa<\/strong><\/p>\n<p>South Africa 16:00 &#8211; 17:00 (UTC+2)<br \/>\nEthiopia\/Kenya 17:00 &#8211; 18:00 (UTC+3)<\/p>\n<p><strong>Oceania<\/strong><\/p>\n<p>Auckland\/New Zealand 02:00 &#8211; 03:00 (UTC+12)<br \/>\nSydney\/Australia 00:00 &#8211; 01:00 (UTC+10)<\/p>\n<div class=\"bodycopy\">\n<p><strong>Note<\/strong>:<\/p>\n<ul>\n<li>All the teachings are webcast teachings via <b>Zoom (webinar)<\/b>.<\/li>\n<li>Rinpoche will teach in English.<\/li>\n<li>Available Simultaneous translations: \u4e2d\u6587, fran\u00e7ais, Deutsch, bahasa Indonesia, italiano, portugu\u00eas, \u0440\u0443\u0441\u0441\u043a\u0438\u0439, Sloven\u0161\u010dina, Espa\u00f1ol, Ti\u1ebfng Vi\u1ec7t<\/li>\n<li>All English speaking participants are advised to access the teaching live on Palpung YouTube channel.<\/li>\n<li>Registration for each teaching will be open 13 days before the teaching date and will be closed one day before the teaching date.<\/li>\n<\/ul>\n<\/div>\n<p><strong><a href=\"https:\/\/www.palpung.org\/pdc\/webcast\/default.asp\">Go to Registration<\/a><br \/>\n<\/strong><\/p>\n<\/div><\/section>\n","protected":false},"excerpt":{"rendered":"","protected":false},"author":8,"featured_media":0,"parent":0,"menu_order":145,"comment_status":"closed","ping_status":"closed","template":"","meta":{"_acf_changed":false,"footnotes":""},"class_list":["post-30386","page","type-page","status-publish","hentry"],"acf":[],"yoast_head":"<!-- This site is optimized with the Yoast SEO plugin v27.1.1 - https:\/\/yoast.com\/product\/yoast-seo-wordpress\/ -->\n<title>Guru Vajradhara 2021 - Palpung Europe<\/title>\n<meta name=\"robots\" content=\"index, follow, max-snippet:-1, max-image-preview:large, max-video-preview:-1\" \/>\n<link rel=\"canonical\" href=\"https:\/\/www.palpung.eu\/en\/guru-vajradhara-2021-2\/\" \/>\n<meta property=\"og:locale\" content=\"en_US\" \/>\n<meta property=\"og:type\" content=\"article\" \/>\n<meta property=\"og:title\" content=\"Guru Vajradhara 2021 - Palpung Europe\" \/>\n<meta property=\"og:url\" content=\"https:\/\/www.palpung.eu\/en\/guru-vajradhara-2021-2\/\" \/>\n<meta property=\"og:site_name\" content=\"Palpung Europe\" \/>\n<meta property=\"article:modified_time\" content=\"2021-06-20T09:31:54+00:00\" \/>\n<meta name=\"twitter:card\" content=\"summary_large_image\" \/>\n<meta name=\"twitter:label1\" content=\"Est. reading time\" \/>\n\t<meta name=\"twitter:data1\" content=\"3 minutes\" \/>\n<script type=\"application\/ld+json\" class=\"yoast-schema-graph\">{\"@context\":\"https:\/\/schema.org\",\"@graph\":[{\"@type\":\"WebPage\",\"@id\":\"https:\/\/www.palpung.eu\/en\/guru-vajradhara-2021-2\/\",\"url\":\"https:\/\/www.palpung.eu\/en\/guru-vajradhara-2021-2\/\",\"name\":\"Guru Vajradhara 2021 - Palpung Europe\",\"isPartOf\":{\"@id\":\"https:\/\/www.palpung.eu\/en\/#website\"},\"datePublished\":\"2021-05-26T09:15:16+00:00\",\"dateModified\":\"2021-06-20T09:31:54+00:00\",\"breadcrumb\":{\"@id\":\"https:\/\/www.palpung.eu\/en\/guru-vajradhara-2021-2\/#breadcrumb\"},\"inLanguage\":\"en-US\",\"potentialAction\":[{\"@type\":\"ReadAction\",\"target\":[\"https:\/\/www.palpung.eu\/en\/guru-vajradhara-2021-2\/\"]}]},{\"@type\":\"BreadcrumbList\",\"@id\":\"https:\/\/www.palpung.eu\/en\/guru-vajradhara-2021-2\/#breadcrumb\",\"itemListElement\":[{\"@type\":\"ListItem\",\"position\":1,\"name\":\"Startseite\",\"item\":\"https:\/\/www.palpung.eu\/en\/home\/\"},{\"@type\":\"ListItem\",\"position\":2,\"name\":\"Guru Vajradhara 2021\"}]},{\"@type\":\"WebSite\",\"@id\":\"https:\/\/www.palpung.eu\/en\/#website\",\"url\":\"https:\/\/www.palpung.eu\/en\/\",\"name\":\"Palpung Europe\",\"description\":\"European Seat of H.H. Chamgon Kenting Tai Situpa\",\"potentialAction\":[{\"@type\":\"SearchAction\",\"target\":{\"@type\":\"EntryPoint\",\"urlTemplate\":\"https:\/\/www.palpung.eu\/en\/?s={search_term_string}\"},\"query-input\":{\"@type\":\"PropertyValueSpecification\",\"valueRequired\":true,\"valueName\":\"search_term_string\"}}],\"inLanguage\":\"en-US\"}]}<\/script>\n<!-- \/ Yoast SEO plugin. -->","yoast_head_json":{"title":"Guru Vajradhara 2021 - Palpung Europe","robots":{"index":"index","follow":"follow","max-snippet":"max-snippet:-1","max-image-preview":"max-image-preview:large","max-video-preview":"max-video-preview:-1"},"canonical":"https:\/\/www.palpung.eu\/en\/guru-vajradhara-2021-2\/","og_locale":"en_US","og_type":"article","og_title":"Guru Vajradhara 2021 - Palpung Europe","og_url":"https:\/\/www.palpung.eu\/en\/guru-vajradhara-2021-2\/","og_site_name":"Palpung Europe","article_modified_time":"2021-06-20T09:31:54+00:00","twitter_card":"summary_large_image","twitter_misc":{"Est. reading time":"3 minutes"},"schema":{"@context":"https:\/\/schema.org","@graph":[{"@type":"WebPage","@id":"https:\/\/www.palpung.eu\/en\/guru-vajradhara-2021-2\/","url":"https:\/\/www.palpung.eu\/en\/guru-vajradhara-2021-2\/","name":"Guru Vajradhara 2021 - Palpung Europe","isPartOf":{"@id":"https:\/\/www.palpung.eu\/en\/#website"},"datePublished":"2021-05-26T09:15:16+00:00","dateModified":"2021-06-20T09:31:54+00:00","breadcrumb":{"@id":"https:\/\/www.palpung.eu\/en\/guru-vajradhara-2021-2\/#breadcrumb"},"inLanguage":"en-US","potentialAction":[{"@type":"ReadAction","target":["https:\/\/www.palpung.eu\/en\/guru-vajradhara-2021-2\/"]}]},{"@type":"BreadcrumbList","@id":"https:\/\/www.palpung.eu\/en\/guru-vajradhara-2021-2\/#breadcrumb","itemListElement":[{"@type":"ListItem","position":1,"name":"Startseite","item":"https:\/\/www.palpung.eu\/en\/home\/"},{"@type":"ListItem","position":2,"name":"Guru Vajradhara 2021"}]},{"@type":"WebSite","@id":"https:\/\/www.palpung.eu\/en\/#website","url":"https:\/\/www.palpung.eu\/en\/","name":"Palpung Europe","description":"European Seat of H.H. Chamgon Kenting Tai Situpa","potentialAction":[{"@type":"SearchAction","target":{"@type":"EntryPoint","urlTemplate":"https:\/\/www.palpung.eu\/en\/?s={search_term_string}"},"query-input":{"@type":"PropertyValueSpecification","valueRequired":true,"valueName":"search_term_string"}}],"inLanguage":"en-US"}]}},"_links":{"self":[{"href":"https:\/\/www.palpung.eu\/en\/wp-json\/wp\/v2\/pages\/30386","targetHints":{"allow":["GET"]}}],"collection":[{"href":"https:\/\/www.palpung.eu\/en\/wp-json\/wp\/v2\/pages"}],"about":[{"href":"https:\/\/www.palpung.eu\/en\/wp-json\/wp\/v2\/types\/page"}],"author":[{"embeddable":true,"href":"https:\/\/www.palpung.eu\/en\/wp-json\/wp\/v2\/users\/8"}],"replies":[{"embeddable":true,"href":"https:\/\/www.palpung.eu\/en\/wp-json\/wp\/v2\/comments?post=30386"}],"version-history":[{"count":15,"href":"https:\/\/www.palpung.eu\/en\/wp-json\/wp\/v2\/pages\/30386\/revisions"}],"predecessor-version":[{"id":30829,"href":"https:\/\/www.palpung.eu\/en\/wp-json\/wp\/v2\/pages\/30386\/revisions\/30829"}],"wp:attachment":[{"href":"https:\/\/www.palpung.eu\/en\/wp-json\/wp\/v2\/media?parent=30386"}],"curies":[{"name":"wp","href":"https:\/\/api.w.org\/{rel}","templated":true}]}}